{"id":26,"date":"2014-07-09T16:04:43","date_gmt":"2014-07-09T16:04:43","guid":{"rendered":"http:\/\/192.168.1.104\/restaurant\/?page_id=25"},"modified":"2025-05-02T11:32:55","modified_gmt":"2025-05-02T16:32:55","slug":"simposio","status":"publish","type":"page","link":"https:\/\/www.yosoysalud.net\/colombia\/simposio\/","title":{"rendered":"Simposio"},"content":{"rendered":"\n<style type=\"text\/css\" data-created_by=\"avia_inline_auto\" id=\"style-css-av-cyjba-9f13bc54992dec2334ec2a49eb9dd21f\">\n.avia-section.av-cyjba-9f13bc54992dec2334ec2a49eb9dd21f .av-parallax .av-parallax-inner{\nbackground-repeat:no-repeat;\nbackground-image:url(https:\/\/www.yosoysalud.net\/colombia\/wp-content\/uploads\/2025\/05\/AMES-HEADER-1.jpg);\nbackground-position:50% 50%;\nbackground-attachment:scroll;\n}\n<\/style>\n<div id='av_section_1'  class='avia-section av-cyjba-9f13bc54992dec2334ec2a49eb9dd21f main_color avia-section-default avia-no-shadow  avia-builder-el-0  el_before_av_section  avia-builder-el-first  avia-full-stretch av-parallax-section avia-bg-style-parallax container_wrap sidebar_right'  data-section-bg-repeat='stretch'><div class='av-parallax' data-avia-parallax-ratio='0.3' ><div class='av-parallax-inner main_color avia-full-stretch'><\/div><\/div><div class='container av-section-cont-open' ><main  role=\"main\" itemprop=\"mainContentOfPage\"  class='template-page content  av-content-small alpha units'><div class='post-entry post-entry-type-page post-entry-26'><div class='entry-content-wrapper clearfix'>\n\n<style type=\"text\/css\" data-created_by=\"avia_inline_auto\" id=\"style-css-av-cct4y-ac5fe3fc011fc7254e95a28b8e5518f8\">\n#top .av-special-heading.av-cct4y-ac5fe3fc011fc7254e95a28b8e5518f8{\npadding-bottom:0px;\ncolor:#ffffff;\nfont-size:60px;\n}\nbody .av-special-heading.av-cct4y-ac5fe3fc011fc7254e95a28b8e5518f8 .av-special-heading-tag .heading-char{\nfont-size:25px;\n}\n#top #wrap_all .av-special-heading.av-cct4y-ac5fe3fc011fc7254e95a28b8e5518f8 .av-special-heading-tag{\nfont-size:60px;\n}\n.av-special-heading.av-cct4y-ac5fe3fc011fc7254e95a28b8e5518f8 .special-heading-inner-border{\nborder-color:#ffffff;\n}\n.av-special-heading.av-cct4y-ac5fe3fc011fc7254e95a28b8e5518f8 .av-subheading{\nfont-size:18px;\n}\n<\/style>\n<div  class='av-special-heading av-cct4y-ac5fe3fc011fc7254e95a28b8e5518f8 av-special-heading-h1 custom-color-heading blockquote modern-quote  avia-builder-el-1  avia-builder-el-no-sibling  av-thin-font av-inherit-size'><h1 class='av-special-heading-tag'  itemprop=\"headline\"  >Sobre el <strong>Simposio<\/strong><\/h1><div class='av_custom_color av-subheading av-subheading_below'><p>Un evento internacional para transformar la lucha contra el c\u00e1ncer<\/p>\n<\/div><div class=\"special-heading-border\"><div class=\"special-heading-inner-border\"><\/div><\/div><\/div>\n\n<\/div><\/div><\/main><!-- close content main element --><\/div><\/div><div id='av_section_2'  class='avia-section av-bkfj6-07712e264a6c8a36ab3efac0bf9d5390 main_color avia-section-default avia-no-shadow  avia-builder-el-2  el_after_av_section  el_before_av_partner  avia-bg-style-scroll container_wrap sidebar_right'  ><div class='container av-section-cont-open' ><div class='template-page content  av-content-small alpha units'><div class='post-entry post-entry-type-page post-entry-26'><div class='entry-content-wrapper clearfix'>\n<div class='flex_column av-az8ye-617bdcca3ef18356e31dbee51e356a98 av_one_half  avia-builder-el-3  el_before_av_one_half  avia-builder-el-first  first flex_column_div '   ><p>\n<style type=\"text\/css\" data-created_by=\"avia_inline_auto\" id=\"style-css-av-11qte-6e95a01ee5ae3a6d06ab9a9adf795991\">\n#top .av-special-heading.av-11qte-6e95a01ee5ae3a6d06ab9a9adf795991{\npadding-bottom:20px;\n}\nbody .av-special-heading.av-11qte-6e95a01ee5ae3a6d06ab9a9adf795991 .av-special-heading-tag .heading-char{\nfont-size:25px;\n}\n.av-special-heading.av-11qte-6e95a01ee5ae3a6d06ab9a9adf795991 .av-subheading{\nfont-size:15px;\n}\n<\/style>\n<div  class='av-special-heading av-11qte-6e95a01ee5ae3a6d06ab9a9adf795991 av-special-heading-h2 blockquote modern-quote  avia-builder-el-4  el_before_av_textblock  avia-builder-el-first  av-thin-font'><h2 class='av-special-heading-tag'  itemprop=\"headline\"  >Unidos para Salvar Vidas: <strong>Ciencia, Prevenci\u00f3n y Esperanza<\/strong><\/h2><div class='av-subheading av-subheading_below'><p>Un evento internacional para transformar la lucha contra el c\u00e1ncer<\/p>\n<\/div><div class=\"special-heading-border\"><div class=\"special-heading-inner-border\"><\/div><\/div><\/div><br \/>\n<section  class='av_textblock_section av-9v3yy-87540d096beaf3c1861b50be4611a63f'  itemscope=\"itemscope\" itemtype=\"https:\/\/schema.org\/CreativeWork\" ><div class='avia_textblock'  itemprop=\"text\" ><p><strong>El c\u00e1ncer<\/strong> ha afectado a la humanidad desde tiempos prehist\u00f3ricos hasta nuestros d\u00edas. En los \u00faltimos siglos, se ha avanzado mucho en describir la enfermedad hasta llegar a demostrar su origen gen\u00e9tico, lo que permite un tratamiento personalizado para el paciente y ayuda a escoger el tratamiento m\u00e1s af\u00edn.<\/p>\n<p><strong>Datos clave sobre el c\u00e1ncer:<\/strong><\/p>\n<ul>\n<li>Cada a\u00f1o, m\u00e1s de 10 millones de personas mueren de c\u00e1ncer.<\/li>\n<li>Al menos un tercio de los c\u00e1nceres comunes se puede evitar.<\/li>\n<li>El c\u00e1ncer es la tercera causa de muerte en el mundo, pero se pronostica que en corto plazo ocupar\u00e1 la segunda causa de muerte.<\/li>\n<li>El 70 % de las muertes por c\u00e1ncer ocurre en pa\u00edses en desarrollo.<\/li>\n<li>Se podr\u00edan salvar millones de vidas al a\u00f1o con estrategias de prevenci\u00f3n, detecci\u00f3n temprana y tratamiento adecuadas a los recursos.<\/li>\n<\/ul>\n<\/div><\/section><\/p><\/div><div class='flex_column av-98wfm-49b2f32655025171d714fce8a8dffd59 av_one_half  avia-builder-el-6  el_after_av_one_half  avia-builder-el-last  flex_column_div '   ><p>\n<style type=\"text\/css\" data-created_by=\"avia_inline_auto\" id=\"style-css-av-8itp6-805be6be6b07705f7231fc122314bae3\">\n#top .av-special-heading.av-8itp6-805be6be6b07705f7231fc122314bae3{\npadding-bottom:20px;\n}\nbody .av-special-heading.av-8itp6-805be6be6b07705f7231fc122314bae3 .av-special-heading-tag .heading-char{\nfont-size:25px;\n}\n.av-special-heading.av-8itp6-805be6be6b07705f7231fc122314bae3 .av-subheading{\nfont-size:15px;\n}\n<\/style>\n<div  class='av-special-heading av-8itp6-805be6be6b07705f7231fc122314bae3 av-special-heading-h2 blockquote modern-quote  avia-builder-el-7  el_before_av_textblock  avia-builder-el-first  av-thin-font'><h2 class='av-special-heading-tag'  itemprop=\"headline\"  >Nuestra intenci\u00f3n en el <strong>Simposio Mundial de C\u00e1ncer<\/strong><\/h2><div class=\"special-heading-border\"><div class=\"special-heading-inner-border\"><\/div><\/div><\/div><br \/>\n<section  class='av_textblock_section av-80q02-40ecfe52ab1d16521d3f47ee82a6dcc0'  itemscope=\"itemscope\" itemtype=\"https:\/\/schema.org\/CreativeWork\" ><div class='avia_textblock'  itemprop=\"text\" ><ul>\n<li>Compartir con profesionales de la salud que tratan pacientes oncol\u00f3gicos conocimientos relacionados al c\u00e1ncer, investigaci\u00f3n y tratamiento m\u00e9dico.<\/li>\n<li>Promover y difundir proyectos de investigaci\u00f3n cient\u00edfica y tecnol\u00f3gica a trav\u00e9s de eventos del m\u00e1s alto nivel en el campo de la salud, permiti\u00e9ndonos estar a la vanguardia en el mundo.<\/li>\n<li>Acercar al mayor n\u00famero de personas informaci\u00f3n acerca de todo lo relacionado con el c\u00e1ncer: caracter\u00edsticas, s\u00edntomas, importancia del diagn\u00f3stico precoz, formas de prevenci\u00f3n.<\/li>\n<li>Proporcionar a los pacientes en tratamiento informaci\u00f3n sobre c\u00f3mo mejorar su calidad de vida adoptando pr\u00e1cticas que reduzcan los efectos de los tratamientos y la enfermedad. En t\u00e9rminos generales, se centra en la persona en su totalidad y en la promoci\u00f3n de la salud, el bienestar y el conocimiento en todos los frentes relacionados con el c\u00e1ncer.<\/li>\n<\/ul>\n<\/div><\/section><\/p><\/div>\n<\/div><\/div><\/div><!-- close content main div --><\/div><\/div><div id='after_section_2'  class='main_color av_default_container_wrap container_wrap sidebar_right'  ><div class='container av-section-cont-open' ><div class='template-page content  av-content-small alpha units'><div class='post-entry post-entry-type-page post-entry-26'><div class='entry-content-wrapper clearfix'>\n\n<style type=\"text\/css\" data-created_by=\"avia_inline_auto\" id=\"style-css-av-ma5wckza-a90ce34a9fc6dec333258439a5f93aa7\">\n.avia-logo-element-container.av-ma5wckza-a90ce34a9fc6dec333258439a5f93aa7 .av-partner-fake-img{\nbackground-size:cover;\n}\n<\/style>\n<div   data-autoplay='false'  data-interval='5'  data-animation='slide'  class='avia-logo-element-container av-ma5wckza-a90ce34a9fc6dec333258439a5f93aa7 avia-logo-slider avia-content-slider avia-smallarrow-slider avia-content-slider-active noHover avia-content-slider-odd  avia-builder-el-9  el_after_av_section  el_before_av_partner  avia-builder-el-first  avia-content-slider1'><div class='avia-smallarrow-slider-heading '><div class='new-special-heading'><h3 class='av-logo-special-heading-text '>PATROCINADORES<\/h3><\/div><\/div><div class=\"avia-content-slider-inner\"><div class=\"slide-entry-wrap\"><div  class='slide-entry av-1zbdq-21640343a860e35ac2c0fce310c431e0 flex_column no_margin av_one_third real-thumbnail post-entry slide-entry-overview slide-loop-1 slide-parity-odd  first'><span class='av-partner-fake-img' style='padding-bottom:49.645390070922%; background-image:url(https:\/\/www.yosoysalud.net\/colombia\/wp-content\/uploads\/2025\/05\/FUNDACION-DEL-CANCER-ELSY-JIMENEZ.png);'><\/span><\/div><div  class='slide-entry av-1ner6-e4372f0b558e34db15c0a2b728e78088 flex_column no_margin av_one_third real-thumbnail post-entry slide-entry-overview slide-loop-2 slide-parity-even  '><span class='av-partner-fake-img' style='padding-bottom:49.645390070922%; background-image:url(https:\/\/www.yosoysalud.net\/colombia\/wp-content\/uploads\/2025\/05\/AMES.png);'><\/span><\/div><div  class='slide-entry av-12fnu-2dd8c8db300e12dbc22470b1a8701984 flex_column no_margin av_one_third real-thumbnail post-entry slide-entry-overview slide-loop-3 slide-parity-odd post-entry-last '><span class='av-partner-fake-img' style='padding-bottom:49.645390070922%; background-image:url(https:\/\/www.yosoysalud.net\/colombia\/wp-content\/uploads\/2025\/05\/FUNDACION-TRABAJA-PARA-TI.png);'><\/span><\/div><\/div><\/div><\/div>\n\n<style type=\"text\/css\" data-created_by=\"avia_inline_auto\" id=\"style-css-av-ma5wk77s-6424370c94aec4b7ab8374c96997cbb2\">\n.avia-logo-element-container.av-ma5wk77s-6424370c94aec4b7ab8374c96997cbb2 .av-partner-fake-img{\nbackground-size:cover;\n}\n<\/style>\n<div   data-autoplay='false'  data-interval='5'  data-animation='slide'  class='avia-logo-element-container av-ma5wk77s-6424370c94aec4b7ab8374c96997cbb2 avia-logo-grid avia-content-slider avia-smallarrow-slider avia-content-grid-active noHover avia-content-slider-odd  avia-builder-el-10  el_after_av_partner  avia-builder-el-last  avia-content-slider2'><div class='avia-smallarrow-slider-heading '><div class='new-special-heading'><h3 class='av-logo-special-heading-text '>ACREDITACI\u00d3N INTERNACIONAL<\/h3><\/div><\/div><div class=\"avia-content-slider-inner\"><div class=\"slide-entry-wrap\"><div  class='slide-entry av-uipi-5c6e2877aa5bb6185a4ba296c928c6f6 flex_column no_margin av_one_fifth real-thumbnail post-entry slide-entry-overview slide-loop-1 slide-parity-odd  first'><span class='av-partner-fake-img' style='padding-bottom:49.645390070922%; background-image:url(https:\/\/www.yosoysalud.net\/colombia\/wp-content\/uploads\/2025\/05\/ASOCIACION-MEXICANA-MEDICOS-FAMILIARES-Y-MEDICOS-GENERALES.png);'><\/span><\/div><div  class='slide-entry av-tkiy-c782af0455c3f291b6c1cd982af1b0a1 flex_column no_margin av_one_fifth real-thumbnail post-entry slide-entry-overview slide-loop-2 slide-parity-even  '><span class='av-partner-fake-img' style='padding-bottom:49.645390070922%; background-image:url(https:\/\/www.yosoysalud.net\/colombia\/wp-content\/uploads\/2025\/05\/CLAUSTRUM-DOCTORALIS-UNIVERSUM-VITALIS.png);'><\/span><\/div><div  class='slide-entry av-7bb16-8b689cbc1e67919a225f0c462abca03b flex_column no_margin av_one_fifth real-thumbnail post-entry slide-entry-overview slide-loop-3 slide-parity-odd  '><span class='av-partner-fake-img' style='padding-bottom:49.645390070922%; background-image:url(https:\/\/www.yosoysalud.net\/colombia\/wp-content\/uploads\/2025\/05\/ESCUELA-DE-ESTUDIOS-SUPERIORES-EN-MEDICINAS-ALTERNATIVAS-Y-COMPLEMENTARIAS.png);'><\/span><\/div><div  class='slide-entry av-6rm06-4bf287d752be537dd52f5fda01078c96 flex_column no_margin av_one_fifth real-thumbnail post-entry slide-entry-overview slide-loop-4 slide-parity-even  '><span class='av-partner-fake-img' style='padding-bottom:49.645390070922%; background-image:url(https:\/\/www.yosoysalud.net\/colombia\/wp-content\/uploads\/2025\/05\/INSTITUTO-INTERNACIONAL-DE-IRIDOLOGIA.png);'><\/span><\/div><div  class='slide-entry av-642xq-b92930b92d639f2d35d9b96cd5c50492 flex_column no_margin av_one_fifth real-thumbnail post-entry slide-entry-overview slide-loop-5 slide-parity-odd  '><span class='av-partner-fake-img' style='padding-bottom:49.645390070922%; background-image:url(https:\/\/www.yosoysalud.net\/colombia\/wp-content\/uploads\/2025\/05\/INSTITUTO-MADRID-ESPECIALISTA-EN-LA-PIEL.png);'><\/span><\/div><\/div><div class=\"slide-entry-wrap\"><div  class='slide-entry av-5itcm-61edae38bd1fd7dcc5cffff4916955ca flex_column no_margin av_one_fifth real-thumbnail post-entry slide-entry-overview slide-loop-6 slide-parity-odd  first'><span class='av-partner-fake-img' style='padding-bottom:49.645390070922%; background-image:url(https:\/\/www.yosoysalud.net\/colombia\/wp-content\/uploads\/2025\/05\/INTERNATIONAL-HEALING-ARTS-INSTITUTE-CALIFORNIA-USA.png);'><\/span><\/div><div  class='slide-entry av-57nvu-aa0445d3f0661a80560cc22d76a132a2 flex_column no_margin av_one_fifth real-thumbnail post-entry slide-entry-overview slide-loop-7 slide-parity-even  '><span class='av-partner-fake-img' style='padding-bottom:49.645390070922%; background-image:url(https:\/\/www.yosoysalud.net\/colombia\/wp-content\/uploads\/2025\/05\/MEDICAL-NATURALIS-LATINUM-UNIVERSITAS-MCMXCIV.png);'><\/span><\/div><div  class='slide-entry av-4luuq-ff0f39dcb077b761a373b53a4b4e00b8 flex_column no_margin av_one_fifth real-thumbnail post-entry slide-entry-overview slide-loop-8 slide-parity-odd  '><span class='av-partner-fake-img' style='padding-bottom:49.645390070922%; background-image:url(https:\/\/www.yosoysalud.net\/colombia\/wp-content\/uploads\/2025\/05\/SISTEMA-DE-EDUCACION-CONTINUA-PARA-EL-MEDICO-GENERAL-Y-FAMILIAR.png);'><\/span><\/div><div  class='slide-entry av-eb56-283f279a3949bb55f8c99792880333d8 flex_column no_margin av_one_fifth real-thumbnail post-entry slide-entry-overview slide-loop-9 slide-parity-even  '><span class='av-partner-fake-img' style='padding-bottom:49.645390070922%; background-image:url(https:\/\/www.yosoysalud.net\/colombia\/wp-content\/uploads\/2025\/05\/UNIVERSIDAD-AUTONOMA-DE-ENTRE-RIOS.png);'><\/span><\/div><div  class='slide-entry av-bv9a-e76a78f8a1986da3253a5b4b023e4b73 flex_column no_margin av_one_fifth real-thumbnail post-entry slide-entry-overview slide-loop-10 slide-parity-odd  '><span class='av-partner-fake-img' style='padding-bottom:49.645390070922%; background-image:url(https:\/\/www.yosoysalud.net\/colombia\/wp-content\/uploads\/2025\/05\/UNIVERSIDAD-AUTONOMA-DE-GUERRERO.png);'><\/span><\/div><\/div><div class=\"slide-entry-wrap\"><div  class='slide-entry av-11fy-2fa5f9688340a1c48c3d972948c5de21 flex_column no_margin av_one_fifth real-thumbnail post-entry slide-entry-overview slide-loop-11 slide-parity-odd  first'><span class='av-partner-fake-img' style='padding-bottom:49.645390070922%; background-image:url(https:\/\/www.yosoysalud.net\/colombia\/wp-content\/uploads\/2025\/05\/UNIVERSIDAD-DE-AQUINO-BOLIVIA.png);'><\/span><\/div><div  class='slide-entry av-2diki-12e59b48f7d5ba14013fd59d72725d9c flex_column no_margin av_one_fifth real-thumbnail post-entry slide-entry-overview slide-loop-12 slide-parity-even  '><span class='av-partner-fake-img' style='padding-bottom:49.645390070922%; background-image:url(https:\/\/www.yosoysalud.net\/colombia\/wp-content\/uploads\/2025\/05\/UNIVERSIDAD-DE-CONCEPCION-DEL-URUGUAY.png);'><\/span><\/div><div  class='slide-entry av-1a6tu-b0b31a9628931bde5c690207e4cfe54a flex_column no_margin av_one_fifth real-thumbnail post-entry slide-entry-overview slide-loop-13 slide-parity-odd  '><span class='av-partner-fake-img' style='padding-bottom:49.645390070922%; background-image:url(https:\/\/www.yosoysalud.net\/colombia\/wp-content\/uploads\/2025\/05\/UNIVERSIDAD-TECNICA-ESTATAL-DE-QUEVEDO.png);'><\/span><\/div><div  class='slide-entry av-yxfe-8c864207b77d98f3f08068393faaad57 flex_column no_margin av_one_fifth real-thumbnail post-entry slide-entry-overview slide-loop-14 slide-parity-even  '><span class='av-partner-fake-img' style='padding-bottom:49.645390070922%; background-image:url(https:\/\/www.yosoysalud.net\/colombia\/wp-content\/uploads\/2025\/05\/UNIVERSITARE-AMERICANE-MEXIQUE-AC.png);'><\/span><\/div><div  class='slide-entry av-u8r6-f7fdecf48bb542167bc67c556f1f7136 flex_column no_margin av_one_fifth real-thumbnail post-entry slide-entry-overview slide-loop-15 slide-parity-odd post-entry-last '><span class='av-partner-fake-img' style='padding-bottom:49.645390070922%; background-image:url(https:\/\/www.yosoysalud.net\/colombia\/wp-content\/uploads\/2025\/05\/hub-de-inteligencia-artificial-de-la-ciudad-de-mexico-sc.jpg);'><\/span><\/div><\/div><\/div><\/div>\n","protected":false},"excerpt":{"rendered":"","protected":false},"author":1,"featured_media":0,"parent":0,"menu_order":0,"comment_status":"open","ping_status":"open","template":"","meta":{"footnotes":""},"class_list":["post-26","page","type-page","status-publish","hentry"],"_links":{"self":[{"href":"https:\/\/www.yosoysalud.net\/colombia\/wp-json\/wp\/v2\/pages\/26","targetHints":{"allow":["GET"]}}],"collection":[{"href":"https:\/\/www.yosoysalud.net\/colombia\/wp-json\/wp\/v2\/pages"}],"about":[{"href":"https:\/\/www.yosoysalud.net\/colombia\/wp-json\/wp\/v2\/types\/page"}],"author":[{"embeddable":true,"href":"https:\/\/www.yosoysalud.net\/colombia\/wp-json\/wp\/v2\/users\/1"}],"replies":[{"embeddable":true,"href":"https:\/\/www.yosoysalud.net\/colombia\/wp-json\/wp\/v2\/comments?post=26"}],"version-history":[{"count":8,"href":"https:\/\/www.yosoysalud.net\/colombia\/wp-json\/wp\/v2\/pages\/26\/revisions"}],"predecessor-version":[{"id":565,"href":"https:\/\/www.yosoysalud.net\/colombia\/wp-json\/wp\/v2\/pages\/26\/revisions\/565"}],"wp:attachment":[{"href":"https:\/\/www.yosoysalud.net\/colombia\/wp-json\/wp\/v2\/media?parent=26"}],"curies":[{"name":"wp","href":"https:\/\/api.w.org\/{rel}","templated":true}]}}