{"id":129,"date":"2014-07-11T11:15:52","date_gmt":"2014-07-11T11:15:52","guid":{"rendered":"http:\/\/192.168.1.104\/restaurant\/?page_id=129"},"modified":"2025-05-02T20:05:32","modified_gmt":"2025-05-03T01:05:32","slug":"programa","status":"publish","type":"page","link":"https:\/\/www.yosoysalud.net\/colombia\/programa\/","title":{"rendered":"Programa"},"content":{"rendered":"\n<style type=\"text\/css\" data-created_by=\"avia_inline_auto\" id=\"style-css-av-1t2c69-4fc3879a898b6bc699dfa29f54fab2f3\">\n.avia-section.av-1t2c69-4fc3879a898b6bc699dfa29f54fab2f3 .av-parallax .av-parallax-inner{\nbackground-repeat:no-repeat;\nbackground-image:url(https:\/\/www.yosoysalud.net\/colombia\/wp-content\/uploads\/2025\/05\/AMES-HEADER-1.jpg);\nbackground-position:50% 50%;\nbackground-attachment:scroll;\n}\n<\/style>\n<div id='av_section_1'  class='avia-section av-1t2c69-4fc3879a898b6bc699dfa29f54fab2f3 main_color avia-section-default avia-no-shadow  avia-builder-el-0  el_before_av_heading  avia-builder-el-first  avia-full-stretch av-parallax-section avia-bg-style-parallax container_wrap sidebar_right'  data-section-bg-repeat='stretch'><div class='av-parallax' data-avia-parallax-ratio='0.3' ><div class='av-parallax-inner main_color avia-full-stretch'><\/div><\/div><div class='container av-section-cont-open' ><main  role=\"main\" itemprop=\"mainContentOfPage\"  class='template-page content  av-content-small alpha units'><div class='post-entry post-entry-type-page post-entry-129'><div class='entry-content-wrapper clearfix'>\n\n<style type=\"text\/css\" data-created_by=\"avia_inline_auto\" id=\"style-css-av-1j45vt-480fc14efbaa157fb5270eee16b1c7eb\">\n#top .av-special-heading.av-1j45vt-480fc14efbaa157fb5270eee16b1c7eb{\npadding-bottom:0px;\ncolor:#ffffff;\nfont-size:60px;\n}\nbody .av-special-heading.av-1j45vt-480fc14efbaa157fb5270eee16b1c7eb .av-special-heading-tag .heading-char{\nfont-size:25px;\n}\n#top #wrap_all .av-special-heading.av-1j45vt-480fc14efbaa157fb5270eee16b1c7eb .av-special-heading-tag{\nfont-size:60px;\n}\n.av-special-heading.av-1j45vt-480fc14efbaa157fb5270eee16b1c7eb .special-heading-inner-border{\nborder-color:#ffffff;\n}\n.av-special-heading.av-1j45vt-480fc14efbaa157fb5270eee16b1c7eb .av-subheading{\nfont-size:18px;\n}\n<\/style>\n<div  class='av-special-heading av-1j45vt-480fc14efbaa157fb5270eee16b1c7eb av-special-heading-h1 custom-color-heading blockquote modern-quote  avia-builder-el-1  avia-builder-el-no-sibling  av-thin-font av-inherit-size'><h1 class='av-special-heading-tag'  itemprop=\"headline\"  >Programa <strong>Oficial del Evento<\/strong><\/h1><div class='av_custom_color av-subheading av-subheading_below'><p>Tres d\u00edas de conocimiento, experiencia y esperanza<\/p>\n<\/div><div class=\"special-heading-border\"><div class=\"special-heading-inner-border\"><\/div><\/div><\/div>\n<\/div><\/div><\/main><!-- close content main element --><\/div><\/div><div id='after_section_1'  class='main_color av_default_container_wrap container_wrap sidebar_right'  ><div class='container av-section-cont-open' ><div class='template-page content  av-content-small alpha units'><div class='post-entry post-entry-type-page post-entry-129'><div class='entry-content-wrapper clearfix'>\n\n<style type=\"text\/css\" data-created_by=\"avia_inline_auto\" id=\"style-css-av-nfaw9-e133220d28bedf4bfaec33ef5c36d101\">\n#top .av-special-heading.av-nfaw9-e133220d28bedf4bfaec33ef5c36d101{\npadding-bottom:25px;\n}\nbody .av-special-heading.av-nfaw9-e133220d28bedf4bfaec33ef5c36d101 .av-special-heading-tag .heading-char{\nfont-size:25px;\n}\n.av-special-heading.av-nfaw9-e133220d28bedf4bfaec33ef5c36d101 .av-subheading{\nfont-size:15px;\n}\n<\/style>\n<div  class='av-special-heading av-nfaw9-e133220d28bedf4bfaec33ef5c36d101 av-special-heading-h2 blockquote modern-quote modern-centered  avia-builder-el-2  el_after_av_section  el_before_av_textblock  avia-builder-el-first  av-thin-font'><h2 class='av-special-heading-tag'  itemprop=\"headline\"  >Viernes <strong>23 de mayo de 2025<\/strong><\/h2><div class='av-subheading av-subheading_below'><p>Jornada Tarde<\/p>\n<\/div><div class=\"special-heading-border\"><div class=\"special-heading-inner-border\"><\/div><\/div><\/div>\n<section  class='av_textblock_section av-ma4nx2hz-c2dfdc8b4875f2557ef7d7c6dc1eb24c'  itemscope=\"itemscope\" itemtype=\"https:\/\/schema.org\/CreativeWork\" ><div class='avia_textblock'  itemprop=\"text\" ><table>\n<thead>\n<tr>\n<th style=\"text-align: center;\"><strong>Hora<\/strong><\/th>\n<th style=\"text-align: center;\"><strong>Tema<\/strong><\/th>\n<th style=\"text-align: center;\"><strong>Ponente<\/strong><\/th>\n<\/tr>\n<\/thead>\n<tbody>\n<tr>\n<td>1:00 pm<\/td>\n<td><strong>Registro<\/strong><\/td>\n<td><\/td>\n<\/tr>\n<tr>\n<td>2:00 pm<\/td>\n<td>Presentaci\u00f3n Mesa de Honor y Palabras de Bienvenida<\/td>\n<td>Dra. Elsy Jim\u00e9nez Barros<br \/>\n<strong>Presidente de la Fundaci\u00f3n del C\u00e1ncer Elsy Jim\u00e9nez<\/strong><br \/>\nColombia<\/td>\n<\/tr>\n<tr>\n<td><\/td>\n<td><strong>Inauguraci\u00f3n<\/strong><\/td>\n<td>Dra. Nubia Ivonne Sanabria Rojas<br \/>\n<strong>Presidente del Simposio<\/strong><br \/>\nColombia<\/td>\n<\/tr>\n<tr>\n<td>2:30 pm<\/td>\n<td>Fortaleciendo el organismo con oligoelementos en pacientes con c\u00e1ncer<\/td>\n<td>Dra. Teresa Sillas Gonz\u00e1lez<br \/>\nDoctora en Ciencias, Qu\u00edmica Farmacobi\u00f3loga<br \/>\nM\u00e9xico<\/td>\n<\/tr>\n<tr>\n<td>3:05 pm<\/td>\n<td>Abordaje del c\u00e1ncer desde la medicina alternativa<\/td>\n<td>Dra. Rosmira Alzate Zambrano<br \/>\nMedicina Alternativa y Complementaria<br \/>\nColombia<\/td>\n<\/tr>\n<tr>\n<td style=\"text-align: center;\"><strong>3:40 pm<\/strong><\/td>\n<td style=\"text-align: center;\"><strong>Coffee Break<\/strong><\/td>\n<td><\/td>\n<\/tr>\n<tr>\n<td>4:00 pm<\/td>\n<td>Dise\u00f1o de sensores para determinar contaminantes causantes del c\u00e1ncer<\/td>\n<td>Dra. Mar\u00eda Luisa Lozano Camargo<br \/>\nDoctora en Ciencias Qu\u00edmicas<br \/>\nM\u00e9xico<\/td>\n<\/tr>\n<tr>\n<td>4:35 pm<\/td>\n<td>La fotohemoterapia y su aplicaci\u00f3n en tratamientos de c\u00e1ncer y su prevenci\u00f3n<\/td>\n<td>Dr. Christoph Motzet<br \/>\nMedicina Alternativa y Complementaria<br \/>\nAlemania<\/td>\n<\/tr>\n<tr>\n<td>5:10 pm<\/td>\n<td>Una mirada al c\u00e1ncer a trav\u00e9s de la hipnoterapia<\/td>\n<td>Dra. Mar\u00eda Antonia Sillas Gonz\u00e1lez<br \/>\nMaestr\u00eda y Especialidad en Terapias Psicosociales<br \/>\nM\u00e9xico<\/td>\n<\/tr>\n<\/tbody>\n<\/table>\n<\/div><\/section>\n\n<style type=\"text\/css\" data-created_by=\"avia_inline_auto\" id=\"style-css-av-ma5mdplh-e665b2b3a155b276b68d96dc5390dfee\">\n#top .av-special-heading.av-ma5mdplh-e665b2b3a155b276b68d96dc5390dfee{\npadding-bottom:25px;\n}\nbody .av-special-heading.av-ma5mdplh-e665b2b3a155b276b68d96dc5390dfee .av-special-heading-tag .heading-char{\nfont-size:25px;\n}\n.av-special-heading.av-ma5mdplh-e665b2b3a155b276b68d96dc5390dfee .av-subheading{\nfont-size:15px;\n}\n<\/style>\n<div  class='av-special-heading av-ma5mdplh-e665b2b3a155b276b68d96dc5390dfee av-special-heading-h2 blockquote modern-quote modern-centered  avia-builder-el-4  el_after_av_textblock  el_before_av_textblock  av-thin-font'><h2 class='av-special-heading-tag'  itemprop=\"headline\"  >S\u00e1bado <strong>24 de mayo de 2025<\/strong><\/h2><div class='av-subheading av-subheading_below'><p>Jornada Completa<\/p>\n<\/div><div class=\"special-heading-border\"><div class=\"special-heading-inner-border\"><\/div><\/div><\/div>\n<section  class='av_textblock_section av-8xxlt-6cc87be0a057ad54aabd8eea58ed8b5d'  itemscope=\"itemscope\" itemtype=\"https:\/\/schema.org\/CreativeWork\" ><div class='avia_textblock'  itemprop=\"text\" ><table>\n<thead>\n<tr>\n<th style=\"text-align: center;\"><strong>Hora<\/strong><\/th>\n<th style=\"text-align: center;\"><strong>Tema<\/strong><\/th>\n<th style=\"text-align: center;\"><strong>Ponente<\/strong><\/th>\n<\/tr>\n<\/thead>\n<tbody>\n<tr>\n<td>8:00 am<\/td>\n<td><strong>Registro<\/strong><\/td>\n<td><\/td>\n<\/tr>\n<tr>\n<td>9:00 am<\/td>\n<td>Abordaje no farmacol\u00f3gico para la prevenci\u00f3n y tratamiento del c\u00e1ncer<\/td>\n<td>Dr. Mart\u00edn Sebasti\u00e1n Azanza Pellerino<br \/>\nNutrigen\u00f3mica y Farmacogen\u00e9tica<br \/>\nEspa\u00f1a<\/td>\n<\/tr>\n<tr>\n<td>9:35 am<\/td>\n<td>Desaf\u00edos estructurales pa\u00eds para la prevenci\u00f3n del c\u00e1ncer<\/td>\n<td>MBA. Dionne Alexandra Cruz Arenas<br \/>\nPolit\u00f3loga con \u00e9nfasis en Gesti\u00f3n P\u00fablica<br \/>\nColombia<\/td>\n<\/tr>\n<tr>\n<td>10:10 am<\/td>\n<td>Tratamiento del c\u00e1ncer desde su origen emocional y mental<\/td>\n<td>Dr. Florentino Lucas Betancourt<br \/>\nDoctor en Medicina Homeop\u00e1tica<br \/>\nColombia<\/td>\n<\/tr>\n<tr>\n<td style=\"text-align: center;\"><strong>10:45 am<\/strong><\/td>\n<td style=\"text-align: center;\"><strong>Coffee Break<\/strong><\/td>\n<td><\/td>\n<\/tr>\n<tr>\n<td>11:15 am<\/td>\n<td>Casu\u00edstica m\u00e9dica: c\u00e1ncer de tiroides<\/td>\n<td>Dra. Isabel Cristina Pinz\u00f3n de Pilonieta<br \/>\nEspecialista en Terap\u00e9uticas Alternativas y Farmacolog\u00eda Vegetal<br \/>\nColombia<\/td>\n<\/tr>\n<tr>\n<td>11:50 am<\/td>\n<td>La regeneraci\u00f3n celular ocular como factor de prevenci\u00f3n e intervenci\u00f3n anticancer\u00edgena<\/td>\n<td>Dr. Luis An\u00edbal L\u00f3pez Ph.D.<br \/>\nM\u00e9dico Bioenerg\u00e9tico<br \/>\nEstados Unidos<\/td>\n<\/tr>\n<tr>\n<td>12:25 pm<\/td>\n<td>Medicina etiop\u00e1tica y c\u00e9lulas madre en tratamiento de c\u00e1ncer<\/td>\n<td>Dr. Silverio Salinas Benavides<br \/>\nMedicina Etiop\u00e1tica<br \/>\nEstados Unidos<\/td>\n<\/tr>\n<tr>\n<td style=\"text-align: center;\"><strong>1:00 pm<\/strong><\/td>\n<td style=\"text-align: center;\"><strong>Almuerzo<\/strong><\/td>\n<td><\/td>\n<\/tr>\n<tr>\n<td>2:00 pm<\/td>\n<td>Emocionarte: el arte de las emociones<\/td>\n<td>Psic. Johana Bejarano<br \/>\nPsicolog\u00eda Hol\u00edstica<br \/>\nColombia<\/td>\n<\/tr>\n<tr>\n<td>2:35 pm<\/td>\n<td>Protocolo m\u00e9dico cient\u00edfico: aguas microestructuradas y sus principios activos para el c\u00e1ncer, VIH y enfermedades cr\u00f3nicas degenerativas<\/td>\n<td>Dra. Elsy Jim\u00e9nez Barros<br \/>\nDoctor en Oncolog\u00eda y Nutrici\u00f3n Celular Ortomolecular<br \/>\nColombia<\/td>\n<\/tr>\n<tr>\n<td style=\"text-align: center;\"><strong>3:10 pm<\/strong><\/td>\n<td style=\"text-align: center;\"><strong>Coffee Break<\/strong><\/td>\n<td><\/td>\n<\/tr>\n<tr>\n<td>3:40 pm<\/td>\n<td>Recuperaci\u00f3n de efecto homeop\u00e1tico y codificaci\u00f3n celular en c\u00e1ncer<\/td>\n<td>Dr. Ulises Ruiz Granados<br \/>\nMedicina Regenerativa<br \/>\nM\u00e9xico<\/td>\n<\/tr>\n<tr>\n<td>4:15 pm<\/td>\n<td>C\u00f3mo revertir met\u00e1stasis y c\u00e1ncer terminales reprogramando el c\u00f3digo gen\u00e9tico con biocodificaci\u00f3n sin\u00e1ptica (el sistema que reprograma el subconsciente)<\/td>\n<td>Dr. Diego Alexander Herrera Osorio<br \/>\nNeurocient\u00edfico &#8211; Neur\u00f3logo, Medicina Epigen\u00e9tica y Orthomolecular<br \/>\nColombia<\/td>\n<\/tr>\n<\/tbody>\n<\/table>\n<\/div><\/section>\n\n<style type=\"text\/css\" data-created_by=\"avia_inline_auto\" id=\"style-css-av-d98nl-5a49f3af863948deab93bde0ae390865\">\n#top .av-special-heading.av-d98nl-5a49f3af863948deab93bde0ae390865{\npadding-bottom:25px;\n}\nbody .av-special-heading.av-d98nl-5a49f3af863948deab93bde0ae390865 .av-special-heading-tag .heading-char{\nfont-size:25px;\n}\n.av-special-heading.av-d98nl-5a49f3af863948deab93bde0ae390865 .av-subheading{\nfont-size:15px;\n}\n<\/style>\n<div  class='av-special-heading av-d98nl-5a49f3af863948deab93bde0ae390865 av-special-heading-h2 blockquote modern-quote modern-centered  avia-builder-el-6  el_after_av_textblock  el_before_av_textblock  av-thin-font'><h2 class='av-special-heading-tag'  itemprop=\"headline\"  >Domingo <strong>25 de mayo de 2025<\/strong><\/h2><div class='av-subheading av-subheading_below'><p>Jornada Completa<\/p>\n<\/div><div class=\"special-heading-border\"><div class=\"special-heading-inner-border\"><\/div><\/div><\/div>\n<section  class='av_textblock_section av-9lupt-8cfdfe68df000e86a81ea41250a670d5'  itemscope=\"itemscope\" itemtype=\"https:\/\/schema.org\/CreativeWork\" ><div class='avia_textblock'  itemprop=\"text\" ><table>\n<thead>\n<tr>\n<th style=\"text-align: center;\"><strong>Hora<\/strong><\/th>\n<th style=\"text-align: center;\"><strong>Tema<\/strong><\/th>\n<th style=\"text-align: center;\"><strong>Ponente<\/strong><\/th>\n<\/tr>\n<\/thead>\n<tbody>\n<tr>\n<td style=\"text-align: center;\"><strong>8:00 am<\/strong><\/td>\n<td style=\"text-align: center;\"><strong>Registro<\/strong><\/td>\n<td><\/td>\n<\/tr>\n<tr>\n<td>9:00 am<\/td>\n<td>Tratamiento del c\u00e1ncer y otras enfermedades activando las c\u00e9lulas madre<\/td>\n<td>Lic. Humberto Kazuyoshi Mike<br \/>\nNutrici\u00f3n Ortomolecular<br \/>\nPer\u00fa<\/td>\n<\/tr>\n<tr>\n<td>9:35 am<\/td>\n<td>C\u00e1ncer de piel: prevenci\u00f3n y tratamiento<\/td>\n<td>Dra. Ionica Mihaela Dogaru MD<br \/>\nDermatolog\u00eda, Terapia F\u00edsica Deportiva y Rehabilitaci\u00f3n<br \/>\nRumania<\/td>\n<\/tr>\n<tr>\n<td style=\"text-align: center;\"><strong>10:10 am<\/strong><\/td>\n<td style=\"text-align: center;\"><strong>Coffee Break<\/strong><\/td>\n<td><\/td>\n<\/tr>\n<tr>\n<td>10:40 am<\/td>\n<td>Importancia de la anatom\u00eda patol\u00f3gica en el diagn\u00f3stico de las lesiones cervicouterinas a tiempo y el c\u00e1ncer<\/td>\n<td>Dra. Scarla Natiberth Barros Mata<br \/>\nM\u00e9dico Especialista en Anatom\u00eda Patol\u00f3gica<br \/>\nVenezuela<\/td>\n<\/tr>\n<tr>\n<td>11:15 am<\/td>\n<td>Da\u00f1o psicosom\u00e1tico por consumo de sustancias psicoactivas frente al c\u00e1ncer<\/td>\n<td>Dr. Manuel Nocua Calder\u00f3n<br \/>\nM\u00e9dico Especialista en Farmacodependencia<br \/>\nColombia<\/td>\n<\/tr>\n<tr>\n<td>11:50 am<\/td>\n<td>\u00a1No te mueras antes de tiempo! Nutrici\u00f3n consciente para prevenir y revertir enfermedades degenerativas<\/td>\n<td>Jorge Cano<br \/>\nCoach en Antienvejecimiento, Consultor y Promotor de la Salud<br \/>\nEstados Unidos<\/td>\n<\/tr>\n<tr>\n<td style=\"text-align: center;\"><strong>12:25 pm<\/strong><\/td>\n<td style=\"text-align: center;\"><strong>Almuerzo<\/strong><\/td>\n<td><\/td>\n<\/tr>\n<tr>\n<td>2:00 pm<\/td>\n<td>Fitomedicamentos para el tratamiento del c\u00e1ncer: resultados preliminares de dos estudios cl\u00ednicos<\/td>\n<td>Dra. Susana Fiorentino G\u00f3mez<br \/>\nBCSC, MSc y PhD en Inmunolog\u00eda y Oncolog\u00eda Molecular<br \/>\nColombia<\/td>\n<\/tr>\n<tr>\n<td>2:35 pm<\/td>\n<td>Inflamaci\u00f3n cr\u00f3nica de bajo grado: su rol en el c\u00e1ncer<\/td>\n<td>Dra. Nubia Ivonne Sanabria Rojas<br \/>\nBiom\u00e9dica Integral Familiar. Natur\u00f3pata. Nutricionista<br \/>\nColombia<\/td>\n<\/tr>\n<tr>\n<td style=\"text-align: center;\"><strong>3:20 pm<\/strong><\/td>\n<td style=\"text-align: center;\"><strong>Clausura<\/strong><\/td>\n<td>Dr. Silverio Salinas Benavides<br \/>\n<strong>Presidente de la Asociaci\u00f3n Mundial para la Excelencia en la Salud<\/strong><\/td>\n<\/tr>\n<tr>\n<td>3:40 pm<\/td>\n<td>Entrega de reconocimientos<\/td>\n<td><\/td>\n<\/tr>\n<tr>\n<td>4:30 pm<\/td>\n<td>Poema a cargo de Linda Salamanca Vottela<br \/>\n<strong>Galardonada con el Lauro de Oro (2024)<\/strong><br \/>\nDoctor Honoris Causa en Derechos Humanos<\/td>\n<td><\/td>\n<\/tr>\n<tr>\n<td>4:45 pm<\/td>\n<td>Presentaci\u00f3n art\u00edstica: Agrupaci\u00f3n de Danza A\u00f1os Dorados Somos Colombia<\/td>\n<td><\/td>\n<\/tr>\n<tr>\n<td>5:00 pm<\/td>\n<td>Entrega de constancias de asistencia<\/td>\n<td><\/td>\n<\/tr>\n<\/tbody>\n<\/table>\n<\/div><\/section>\n<div  class='avia-button-wrap avia-button-center  avia-builder-el-8  el_after_av_textblock  avia-builder-el-last ' ><a href='https:\/\/www.yosoysalud.net\/colombia\/precios\/'  class='avia-button av-aq8f5-6c89dfd12beea9b78f6dea3ffdccd0d0 avia-icon_select-no avia-size-large avia-position-center avia-color-theme-color' ><span class='avia_iconbox_title' >ADQUIERE TUS BOLETOS<\/span><\/a><\/div>\n","protected":false},"excerpt":{"rendered":"","protected":false},"author":1,"featured_media":0,"parent":0,"menu_order":0,"comment_status":"open","ping_status":"open","template":"","meta":{"footnotes":""},"class_list":["post-129","page","type-page","status-publish","hentry"],"_links":{"self":[{"href":"https:\/\/www.yosoysalud.net\/colombia\/wp-json\/wp\/v2\/pages\/129","targetHints":{"allow":["GET"]}}],"collection":[{"href":"https:\/\/www.yosoysalud.net\/colombia\/wp-json\/wp\/v2\/pages"}],"about":[{"href":"https:\/\/www.yosoysalud.net\/colombia\/wp-json\/wp\/v2\/types\/page"}],"author":[{"embeddable":true,"href":"https:\/\/www.yosoysalud.net\/colombia\/wp-json\/wp\/v2\/users\/1"}],"replies":[{"embeddable":true,"href":"https:\/\/www.yosoysalud.net\/colombia\/wp-json\/wp\/v2\/comments?post=129"}],"version-history":[{"count":14,"href":"https:\/\/www.yosoysalud.net\/colombia\/wp-json\/wp\/v2\/pages\/129\/revisions"}],"predecessor-version":[{"id":582,"href":"https:\/\/www.yosoysalud.net\/colombia\/wp-json\/wp\/v2\/pages\/129\/revisions\/582"}],"wp:attachment":[{"href":"https:\/\/www.yosoysalud.net\/colombia\/wp-json\/wp\/v2\/media?parent=129"}],"curies":[{"name":"wp","href":"https:\/\/api.w.org\/{rel}","templated":true}]}}